{"id":7611,"date":"2022-11-02T19:53:26","date_gmt":"2022-11-02T19:53:26","guid":{"rendered":"https:\/\/elektro-kruno.hr\/ueber-uns\/"},"modified":"2024-06-03T07:21:37","modified_gmt":"2024-06-03T07:21:37","slug":"ueber-uns","status":"publish","type":"page","link":"https:\/\/elektro-kruno.hr\/de\/ueber-uns\/","title":{"rendered":"\u00dcber uns"},"content":{"rendered":"<p>[vc_row full_width=&#8220;stretch_row&#8220; css=&#8220;.vc_custom_1653381157938{padding-top: 150px !important;padding-bottom: 250px !important;background-image: url(https:\/\/elektro-kruno.hr\/wp-content\/uploads\/2022\/05\/EKZ_Logo_Vector-2.png?id=7328) !important;background-position: center !important;background-repeat: no-repeat !important;background-size: cover !important;}&#8220;][vc_column]<header class=\"kd-section-title vc_col-lg-6 vc_col-sm-8 text-center solid-line sep-border-width-2     vc_custom_1669707309507\" ><h1 class=\"separator_on\" style=\"color: #ffffff;\">\u00dcber uns<\/h1><div class=\"kd-separator below_title\" ><div class=\"kd-separator-line\" style=\"border-color:#ffffff\"><\/div><\/div><h6 class=\"subtitle \" style=\"color: #ffffff;\">2 Gesch\u00e4ftsf\u00fchrer, 3 Abteilungen, 6 Jahre<br \/>\nund mehr als 100 Angestellte.<\/h6><\/header>[\/vc_column][\/vc_row][vc_row css=&#8220;.vc_custom_1664994175731{background-color: #ffffff !important;}&#8220; el_id=&#8220;about_par_1&#8243;][vc_column css=&#8220;.vc_custom_1513687155962{padding-right: 0px !important;padding-left: 0px !important;}&#8220;][vc_row_inner][vc_column_inner width=&#8220;1\/3&#8243; offset=&#8220;vc_col-lg-4 vc_col-md-12&#8243; el_id=&#8220;about_par1_heading&#8220;][vc_custom_heading text=&#8220;Junges, aber hochprofessionelles Unternehmen&#8220; font_container=&#8220;tag:h2|font_size:36px|text_align:left&#8220; use_theme_fonts=&#8220;yes&#8220; css=&#8220;.vc_custom_1669366527288{padding-right: 0px !important;}&#8220;][\/vc_column_inner][vc_column_inner width=&#8220;2\/3&#8243; offset=&#8220;vc_col-lg-8 vc_col-md-12&#8243; el_id=&#8220;about_par1_txt&#8220;][vc_custom_heading text=&#8220;Elektro Kruno d.o.o. (GmbH) ist ein relativ neues Unternehmen mit Hauptsitz im Norden Kroatiens, in der N\u00e4he von Vara\u017edin. Es wurde im Jahr 2016 von Krunoslav \u0110uras, einem der aktuellen Gesch\u00e4ftsf\u00fchrer, gegr\u00fcndet. Seit der Gr\u00fcndung verzeichnet das Unternehmen konstantes Wachstum, nicht nur auf dem finanziellen Gebiet, sondern auch in der Anzahl der Angestellten. Gegenw\u00e4rtig besch\u00e4ftigt das Unternehmen mehr als 100 Menschen, die von den Gesch\u00e4ftsf\u00fchrern Krunoslav \u0110uras und Zdenko \u0110uras geleitet werden. Obwohl das Unternehmen sehr viele Angestellte hat, ist es stets auf der Suche nach motivierten Arbeitskr\u00e4ften.&#8220; font_container=&#8220;tag:h6|text_align:justify&#8220; use_theme_fonts=&#8220;yes&#8220;][vc_empty_space height=&#8220;10px&#8220;][vc_single_image image=&#8220;6565&#8243; img_size=&#8220;large&#8220; alignment=&#8220;center&#8220; style=&#8220;vc_box_rounded&#8220; css=&#8220;.vc_custom_1652871998358{border-radius: 1px !important;}&#8220;][\/vc_column_inner][\/vc_row_inner][vc_empty_space height=&#8220;100px&#8220;][\/vc_column][\/vc_row][vc_row css=&#8220;.vc_custom_1664995317465{margin-top: -100px !important;margin-bottom: 40px !important;padding-top: 70px !important;padding-right: 55px !important;padding-left: 55px !important;background-color: #ffffff !important;}&#8220; el_id=&#8220;about_par_2&#8243;][vc_column css=&#8220;.vc_custom_1513687155962{padding-right: 0px !important;padding-left: 0px !important;}&#8220;][vc_row_inner][vc_column_inner width=&#8220;1\/3&#8243; offset=&#8220;vc_col-lg-4 vc_col-md-12&#8243;][vc_custom_heading text=&#8220;Wir machen bessere Gesch\u00e4fte durch Lieferung zuverl\u00e4ssiger L\u00f6sungen&#8220; font_container=&#8220;tag:h2|font_size:36px|text_align:left&#8220; use_theme_fonts=&#8220;yes&#8220; css=&#8220;.vc_custom_1669366556895{padding-right: 50px !important;}&#8220;][\/vc_column_inner][vc_column_inner width=&#8220;2\/3&#8243; offset=&#8220;vc_col-lg-8 vc_col-md-12&#8243;][vc_custom_heading text=&#8220;Das Hauptinteresse des Unternehmens liegt in den Bereichen der Elektroinstallationen, Sortierf\u00f6rderer und Industrieautomatisierung. Obwohl das Unternehmen in Kroatien gegr\u00fcndet wurde, expandierte es schnell ins Ausland und ist gegenw\u00e4rtig in 15 europ\u00e4ischen L\u00e4ndern t\u00e4tig \u2013 Deutschland, Italien, Frankreich, Belgien, Niederlande, Polen, Spanien, Tschechische Republik, D\u00e4nemark und Vereinigtes K\u00f6nigreich. Dank aktuellem Fortschritt werden bald noch mehrere L\u00e4nder dazugeh\u00f6ren.<\/p>\n<p>Die gro\u00dfe Zahl der durchgef\u00fchrten und aktuellen Projekte in den obenerw\u00e4hnten L\u00e4ndern ist im Wesentlichen mit der h\u00f6chstprofessionellen und fristgerechten Durchf\u00fchrung der Dienstleistungen verbunden. Aufgrund dieser Qualit\u00e4ten erhielt das Unternehmen viele Empfehlungen von seinen Partnern, die weltf\u00fchrende Giganten im Bereich der Sortierf\u00f6rderer sind (wie z.B. Siemens, Vanderlande und TGW). Es ist noch wichtiger zu erw\u00e4hnen, dass viele Empfehlungen auch von unseren Klienten stammen, welche auch Giganten in ihren Bereichen sind \u2013 Amazon, UPS, DHL usw.&#8220; font_container=&#8220;tag:h6|text_align:justify&#8220; use_theme_fonts=&#8220;yes&#8220;][vc_empty_space height=&#8220;10px&#8220;][vc_empty_space height=&#8220;5px&#8220;][\/vc_column_inner][\/vc_row_inner][\/vc_column][\/vc_row][vc_row full_width=&#8220;stretch_row&#8220;][vc_column][vc_empty_space height=&#8220;75px&#8220; el_id=&#8220;space_75&#8243;][vc_separator border_width=&#8220;4&#8243;][vc_empty_space height=&#8220;50px&#8220; el_id=&#8220;space_50&#8243;][vc_row_inner css=&#8220;.vc_custom_1665031928911{padding-bottom: 60px !important;}&#8220; el_id=&#8220;get_in_touch&#8220;][vc_column_inner width=&#8220;1\/4&#8243;][\/vc_column_inner][vc_column_inner width=&#8220;1\/2&#8243; offset=&#8220;vc_col-lg-6 vc_col-md-12&#8243;]<header class=\"kd-section-title col-lg-12 text-center    \" ><h2 class=\"separator_off\" >Interessiert? Treten Sie mit uns in Verbindung!<\/h2><h6 class=\"subtitle \" >Wenn Sie mit uns pers\u00f6nlich sprechen m\u00f6chten oder zus\u00e4tzliche Fragen haben, k\u00f6nnen Sie sich gerne bei uns melden.<\/h6><\/header>[vc_empty_space height=&#8220;10px&#8220;]<a  href=\"https:\/\/elektro-kruno.hr\/de\/kontakt\/\"  target=\"_self\"  title=\"Kontakt\" class=\"tt_button    button-center  \" ><span class=\"prim_text\">Kontaktiere uns<\/span><span class=\" iconita\"><\/span><\/a>[\/vc_column_inner][vc_column_inner width=&#8220;1\/4&#8243;][\/vc_column_inner][\/vc_row_inner][\/vc_column][\/vc_row]<\/p>\n","protected":false},"excerpt":{"rendered":"<p>[vc_row full_width=&#8220;stretch_row&#8220; css=&#8220;.vc_custom_1653381157938{padding-top: 150px !important;padding-bottom: 250px !important;background-image: url(https:\/\/elektro-kruno.hr\/wp-content\/uploads\/2022\/05\/EKZ_Logo_Vector-2.png?id=7328) !important;background-position: center !important;background-repeat: no-repeat !important;background-size: cover !important;}&#8220;][vc_column][\/vc_column][\/vc_row][vc_row css=&#8220;.vc_custom_1664994175731{background-color: #ffffff !important;}&#8220; el_id=&#8220;about_par_1&#8243;][vc_column css=&#8220;.vc_custom_1513687155962{padding-right: 0px !important;padding-left: 0px !important;}&#8220;][vc_row_inner][vc_column_inner width=&#8220;1\/3&#8243; offset=&#8220;vc_col-lg-4 vc_col-md-12&#8243; [&hellip;]<\/p>\n","protected":false},"author":2,"featured_media":0,"parent":0,"menu_order":0,"comment_status":"closed","ping_status":"closed","template":"","meta":{"om_disable_all_campaigns":false,"_monsterinsights_skip_tracking":false,"_monsterinsights_sitenote_active":false,"_monsterinsights_sitenote_note":"","_monsterinsights_sitenote_category":0,"footnotes":""},"aioseo_notices":[],"_links":{"self":[{"href":"https:\/\/elektro-kruno.hr\/de\/wp-json\/wp\/v2\/pages\/7611"}],"collection":[{"href":"https:\/\/elektro-kruno.hr\/de\/wp-json\/wp\/v2\/pages"}],"about":[{"href":"https:\/\/elektro-kruno.hr\/de\/wp-json\/wp\/v2\/types\/page"}],"author":[{"embeddable":true,"href":"https:\/\/elektro-kruno.hr\/de\/wp-json\/wp\/v2\/users\/2"}],"replies":[{"embeddable":true,"href":"https:\/\/elektro-kruno.hr\/de\/wp-json\/wp\/v2\/comments?post=7611"}],"version-history":[{"count":14,"href":"https:\/\/elektro-kruno.hr\/de\/wp-json\/wp\/v2\/pages\/7611\/revisions"}],"predecessor-version":[{"id":8319,"href":"https:\/\/elektro-kruno.hr\/de\/wp-json\/wp\/v2\/pages\/7611\/revisions\/8319"}],"wp:attachment":[{"href":"https:\/\/elektro-kruno.hr\/de\/wp-json\/wp\/v2\/media?parent=7611"}],"curies":[{"name":"wp","href":"https:\/\/api.w.org\/{rel}","templated":true}]}}