{"id":7641,"date":"2022-11-06T09:53:55","date_gmt":"2022-11-06T09:53:55","guid":{"rendered":"https:\/\/elektro-kruno.hr\/home\/"},"modified":"2024-02-29T02:27:31","modified_gmt":"2024-02-29T02:27:31","slug":"home","status":"publish","type":"page","link":"https:\/\/elektro-kruno.hr\/de\/","title":{"rendered":"Home"},"content":{"rendered":"<p>[vc_row full_width=&#8220;stretch_row&#8220; full_height=&#8220;yes&#8220; content_placement=&#8220;middle&#8220; kd_image_overlay_color=&#8220;rgba(4,9,30,0.7)&#8220; kd_image_overlay=&#8220;true&#8220; css=&#8220;.vc_custom_1668425726834{padding-top: 100px !important;background-image: url(https:\/\/elektro-kruno.hr\/wp-content\/uploads\/2022\/11\/555.png?id=7755) !important;background-position: center !important;background-repeat: no-repeat !important;background-size: cover !important;}&#8220;][vc_column width=&#8220;1\/12&#8243; offset=&#8220;vc_col-lg-12 vc_col-md-12&#8243; css=&#8220;.vc_custom_1670832070332{margin-top: 60px !important;padding-top: 20px !important;padding-bottom: 20px !important;background-color: rgba(255,255,255,0.15) !important;*background-color: rgb(255,255,255) !important;border-radius: 20px !important;}&#8220;][vc_custom_heading text=&#8220;Elektro Kruno d.o.o.&#8220; font_container=&#8220;tag:h2|font_size:36pt|text_align:center|color:%23ffffff&#8220; use_theme_fonts=&#8220;yes&#8220;][vc_empty_space height=&#8220;10px&#8220;][vc_custom_heading text=&#8220;Hallo und willkommen auf der offiziellen Webseite von Elektro Kruno d.o.o. (GmbH).&#8220; font_container=&#8220;tag:h6|font_size:11pt|text_align:center|color:%23ffffff&#8220; use_theme_fonts=&#8220;yes&#8220;][vc_custom_heading text=&#8220;Wenn Sie hier sind, um nur herauszufinden, womit wir uns besch\u00e4ftigen, scrollen Sie, bitte, ein bisschen nach unten. Wenn Sie mehr \u00fcber unser Team und Projekte, an denen wir arbeiten, erfahren m\u00f6chten, dann klicken Sie auf das Drop-down-Men\u00fc in der oberen rechten Ecke. Falls Sie pers\u00f6nliches mit uns sprechen m\u00f6chten oder zus\u00e4tzliche Fragen haben, k\u00f6nnen Sie jederzeit Kontakt zu uns aufnehmen.&#8220; font_container=&#8220;tag:h6|font_size:11pt|text_align:center|color:%23ffffff&#8220; use_theme_fonts=&#8220;yes&#8220; css=&#8220;.vc_custom_1669365717662{padding-right: 75px !important;padding-left: 75px !important;}&#8220;][vc_custom_heading text=&#8220;Vielen Dank f\u00fcr Ihr Interesse.<br \/>\nAlles Gute und bleiben Sie gesund.<br \/>\nElektro Kruno d.o.o., das Gesch\u00e4ftsf\u00fchrungsteam.&#8220; font_container=&#8220;tag:h6|font_size:11pt|text_align:center|color:%23ffffff&#8220; use_theme_fonts=&#8220;yes&#8220; css=&#8220;.vc_custom_1669365750219{padding-right: 75px !important;padding-left: 75px !important;}&#8220;][vc_empty_space height=&#8220;25px&#8220;]<a  href=\"https:\/\/elektro-kruno.hr\/de\/begleiten-sie-uns\/\"  target=\"_self\"  title=\"Kontakt\" class=\"tt_button    button-center kd-animated zoomIn \" data-animation-delay=200><span class=\"prim_text\">Erw\u00e4gen Sie sich uns anzuschlie\u00dfen? - Hier bewerben!<\/span><span class=\" iconita\"><\/span><\/a>[\/vc_column][\/vc_row][vc_row full_width=&#8220;stretch_row&#8220;][vc_column css=&#8220;.vc_custom_1516008460883{padding-right: 0px !important;padding-left: 0px !important;}&#8220;]<header class=\"kd-section-title vc_col-lg-6 vc_col-sm-8 text-center  kd-animated fadeIn   vc_custom_1669365834598\" data-animation-delay=200><h2 class=\"separator_off\" >Wer sind wir?<\/h2><h6 class=\"subtitle \" >- EK Ingenieurteam -<\/h6><\/header>[vc_row_inner css=&#8220;.vc_custom_1653374745132{padding-top: 20px !important;padding-bottom: 50px !important;}&#8220;][vc_column_inner width=&#8220;1\/3&#8243; css=&#8220;.vc_custom_1653374798241{margin-bottom: 20px !important;padding-right: 0px !important;padding-left: 0px !important;}&#8220;]<div class=\"key-icon-box icon-default  cont-center with-border box-bg-color kd-animated fadeInUp whoweare\" style=\"background-color: #fff3f3; border: 1px solid #fff3f3;\" data-animation-delay=200><div class=\"ib-wrapper\"><h4 class=\"service-heading\" >Das Unternehmen<\/h4><p ><\/p>\n<p style=\"text-align: center;\">Elektro Kruno d.o.o. ist ein privates Unternehmen mit Hauptsitz in Kroatien. Seit unserer Gr\u00fcndung 2016 machen wir immer neue Fortschritte, durch die wir ein professionelles und gesundes Umfeld schaffen, in dem wir uns mit verschiedenen und komplexen Projekten im Bereich Elektrotechnik und Maschinenbau befassen. Kurz nach der Gr\u00fcndung f\u00fchrten uns unsere Kompetenzen und Fachkenntnisse (sowie entsprechende Referenzen) auf dem europ\u00e4ischen Markt ein, wo wir heute mit der h\u00f6chsten Ratingstufe t\u00e4tig sind.<\/p>\n<p><\/p><\/div><\/div>[\/vc_column_inner][vc_column_inner width=&#8220;1\/3&#8243; css=&#8220;.vc_custom_1653374772303{margin-bottom: 20px !important;padding-right: 0px !important;padding-left: 0px !important;}&#8220;]<div class=\"key-icon-box icon-default  cont-center with-border box-bg-color kd-animated fadeInUp whoweare\" style=\"background-color: #fff3f3; border: 1px solid #fff3f3;\" data-animation-delay=200><div class=\"ib-wrapper\"><h4 class=\"service-heading\" >Die Angestellten<\/h4><p ><\/p>\n<p style=\"text-align: center;\">Der Kern unseres Unternehmens sind hochmotivierte, gut ausgebildete und f\u00e4hige Menschen, die jede Aufgabe professionell und fristgerecht erledigen. Durch die Marktverbreitung ist auch die Zahl unserer Angestellten angestiegen. Zurzeit besch\u00e4ftigen wir mehr als 100 Angestellte und sind stets auf der Suche nach neuen motivierten Mitarbeitern, so dass die Zahl der Angestellten immer weiter steigt. M\u00f6chten Sie Teil unseres Teams werden? Melden Sie sich per das JoinUs-Formular an und wir kontaktieren Sie in k\u00fcrzester Zeit.<\/p>\n<p><\/p><\/div><\/div>[\/vc_column_inner][vc_column_inner width=&#8220;1\/3&#8243; css=&#8220;.vc_custom_1516008505683{padding-right: 0px !important;padding-left: 0px !important;}&#8220;]<div class=\"key-icon-box icon-default  cont-center with-border box-bg-color kd-animated fadeInUp whoweare\" style=\"background-color: #fff3f3; border: 1px solid #fff3f3;\" data-animation-delay=200><div class=\"ib-wrapper\"><h4 class=\"service-heading\" >Die Erfahrung<\/h4><p ><\/p>\n<p style=\"text-align: center;\">Obwohl wir auf dem Markt ein relativ neues Unternehmen sind, ist die Nummer der Projekte, mit denen wir uns erfolgreich besch\u00e4ftigen, gro\u00df (sogar f\u00fcr europ\u00e4ische Standards). Der Erfolg unseres Unternehmens steht in enger Verbindung mit gut ausgebildeten und erfahrenen Angestellten, von denen einige \u00fcber einen Bachelor-, Master- und Doktorabschluss verf\u00fcgen. Einen kurzen Einblick in unser Fachwissen bekommen Sie, wenn Sie auf die Projekte-Icon klicken und sich einige unserer bereits durchgef\u00fchrten Projekte anschauen.<\/p>\n<p><\/p><\/div><\/div>[\/vc_column_inner][\/vc_row_inner][\/vc_column][\/vc_row][vc_row full_width=&#8220;stretch_row&#8220; css=&#8220;.vc_custom_1519725825932{background-color: #f7f7f7 !important;}&#8220;][vc_column css=&#8220;.vc_custom_1515772123629{padding-right: 0px !important;padding-left: 0px !important;}&#8220;]<header class=\"kd-section-title vc_col-lg-6 vc_col-sm-8 text-center  kd-animated fadeIn   vc_custom_1669365928297\" data-animation-delay=200><h2 class=\"separator_off\" >Unsere Gesch\u00e4ftsfelder<\/h2><h6 class=\"subtitle \" >- Elektrotechnik und Industriemontage -<\/h6><\/header>[vc_row_inner css=&#8220;.vc_custom_1515772037042{padding-bottom: 100px !important;}&#8220;][vc_column_inner]<div class=\"features-tabs kd-tabswrapper-6996169fdbf5ea89f4 tabs-image-right what-we-cover\">\r\n\t\t\t\t<div id=\"kd-extab-1278269fdbf5ea8fa6\">\r\n\t\t\t\t<div class=\"tab-image-container\"><img decoding=\"async\" width=\"1535\" height=\"1774\" src=\"https:\/\/elektro-kruno.hr\/wp-content\/uploads\/2022\/08\/IMG_1267775-1.jpeg\" class=\"attachment-full\" alt=\"\" srcset=\"https:\/\/elektro-kruno.hr\/wp-content\/uploads\/2022\/08\/IMG_1267775-1.jpeg 1535w, https:\/\/elektro-kruno.hr\/wp-content\/uploads\/2022\/08\/IMG_1267775-1-260x300.jpeg 260w, https:\/\/elektro-kruno.hr\/wp-content\/uploads\/2022\/08\/IMG_1267775-1-886x1024.jpeg 886w, https:\/\/elektro-kruno.hr\/wp-content\/uploads\/2022\/08\/IMG_1267775-1-768x888.jpeg 768w, https:\/\/elektro-kruno.hr\/wp-content\/uploads\/2022\/08\/IMG_1267775-1-1329x1536.jpeg 1329w\" sizes=\"(max-width: 1535px) 100vw, 1535px\" \/><\/div>\r\n\t\t\t\t<li class=\"tab col-md-4\">\r\n\t\t\t\t\t<a href=\"#kd-extab-1278269fdbf5ea8fa6\">\r\n\t\t\t\t\t\t<h4>Sortier- und F\u00f6rdersysteme<\/h4><p>Montage von G\u00fcrteln; Montage von Hochleistungs-Sortiersystemen; Montage von Pallettensystemen; Montage von F\u00f6rderanlagen; Sortiersysteme basierend auf Roboterarmen; ...<\/p><\/a><\/li><\/div><div id=\"kd-extab-6287869fdbf5ea961e\">\r\n\t\t\t\t<div class=\"tab-image-container\"><img decoding=\"async\" width=\"1325\" height=\"1130\" src=\"https:\/\/elektro-kruno.hr\/wp-content\/uploads\/2022\/08\/2022-08-29_14h40_05-e1661933474626.png\" class=\"attachment-full\" alt=\"\" \/><\/div>\r\n\t\t\t\t<li class=\"tab col-md-4\">\r\n\t\t\t\t\t<a href=\"#kd-extab-6287869fdbf5ea961e\">\r\n\t\t\t\t\t\t<h4>Elektroinstallationen<\/h4><p>Verkabelung der elektrischen Ger\u00e4ten; Verkabelung des Bedienfelds; Installation des Sicherheitssystems; Wartung von elektrischen Ger\u00e4ten; ...<\/p><\/a><\/li><\/div><div id=\"kd-extab-9268569fdbf5ea9d4b\">\r\n\t\t\t\t<div class=\"tab-image-container\"><img decoding=\"async\" width=\"1666\" height=\"1432\" src=\"https:\/\/elektro-kruno.hr\/wp-content\/uploads\/2022\/08\/2022-08-31_10h13_20.png\" class=\"attachment-full\" alt=\"\" srcset=\"https:\/\/elektro-kruno.hr\/wp-content\/uploads\/2022\/08\/2022-08-31_10h13_20.png 1666w, https:\/\/elektro-kruno.hr\/wp-content\/uploads\/2022\/08\/2022-08-31_10h13_20-300x258.png 300w, https:\/\/elektro-kruno.hr\/wp-content\/uploads\/2022\/08\/2022-08-31_10h13_20-1024x880.png 1024w, https:\/\/elektro-kruno.hr\/wp-content\/uploads\/2022\/08\/2022-08-31_10h13_20-768x660.png 768w, https:\/\/elektro-kruno.hr\/wp-content\/uploads\/2022\/08\/2022-08-31_10h13_20-1536x1320.png 1536w\" sizes=\"(max-width: 1666px) 100vw, 1666px\" \/><\/div>\r\n\t\t\t\t<li class=\"tab col-md-4\">\r\n\t\t\t\t\t<a href=\"#kd-extab-9268569fdbf5ea9d4b\">\r\n\t\t\t\t\t\t<h4>Industrielle Automatisierung<\/h4><p>Hardwarekonfiguration und Anlagendesign; PLC Programmierung; HMI-Systemen design und programmierung; Sortieren\/Transportieren SCADA Systemen; Bedienfelder; ...<\/p><\/a><\/li><\/div>\r\n    \t\t\t<ul class=\"tabs\"><\/ul>\r\n\t\t\t<\/div>[\/vc_column_inner][\/vc_row_inner][\/vc_column][\/vc_row][vc_row full_width=&#8220;stretch_row&#8220; css=&#8220;.vc_custom_1653375604518{padding-bottom: 100px !important;}&#8220;][vc_column offset=&#8220;vc_hidden-xs&#8220;]<header class=\"kd-section-title vc_col-lg-6 vc_col-sm-8 text-center  kd-animated fadeIn   vc_custom_1669365945282\" data-animation-delay=200><h2 class=\"separator_off\" >Unsere Verbindungen<\/h2><h6 class=\"subtitle \" >- innerhalb und au\u00dferhalb Kroatiens -<\/h6><\/header>[vc_row_inner content_placement=&#8220;middle&#8220; css=&#8220;.vc_custom_1653375245980{padding-top: 60px !important;}&#8220;][vc_column_inner width=&#8220;1\/3&#8243; css=&#8220;.vc_custom_1653374890994{margin-bottom: 20px !important;}&#8220;]<div class=\"evc-interactive-banner evc-shortcode connections evc-ib-classic evc-ib-custom-image-size\">\n\t<div class=\"evc-ib-image\">\n\t\t<img decoding=\"async\" src=\"https:\/\/elektro-kruno.hr\/wp-content\/uploads\/2022\/01\/europe_map-420x420.jpg\" alt=\"\" width=\"420\" height=\"420\" \/>\t<\/div>\n\t<div class=\"evc-ib-content-wrapper\" style=\"background-color: rgba(226,0,0,0.71)\">\n\t\t<div class=\"evc-ib-content-inner\">\n\t\t\t<div class=\"evc-ib-content\">\n\t\t\t\t\t\n\t<span class=\"evc-ib-icon fas fa-globe\" ><\/span>\n\t<h4 class=\"evc-ib-title\" >\n\t\tWir erobern Europa\t<\/h4>\n\t<p class=\"evc-ib-text\" >In durchgef\u00fchrten und aktuellen Projekten haben wir bis jetzt alle Anforderungen unserer Klienten in 15 europ\u00e4ischen L\u00e4ndern (Deutschland, Italien, Frankreich, Belgien, Polen, Spanien, Tschechien, D\u00e4nemark, in den Niederlanden und im Vereinigten K\u00f6nigreich) erfolgreich erf\u00fcllt. Einen gro\u00dfen Teil der Auftr\u00e4ge erledigen wir auch weiter in der Republik Kroatien.<\/p>\n\t\t\t<\/div>\n\t\t<\/div>\n\t<\/div>\n\t<\/div>\n[\/vc_column_inner][vc_column_inner width=&#8220;1\/3&#8243; css=&#8220;.vc_custom_1653374899725{margin-bottom: 20px !important;}&#8220;]<div class=\"evc-interactive-banner evc-shortcode connections evc-ib-classic evc-ib-custom-image-size\">\n\t<div class=\"evc-ib-image\">\n\t\t<img decoding=\"async\" src=\"https:\/\/elektro-kruno.hr\/wp-content\/uploads\/2022\/05\/partners-boost-420x420.png\" alt=\"\" width=\"420\" height=\"420\" \/>\t<\/div>\n\t<div class=\"evc-ib-content-wrapper\" style=\"background-color: rgba(226,0,0,0.71)\">\n\t\t<div class=\"evc-ib-content-inner\">\n\t\t\t<div class=\"evc-ib-content\">\n\t\t\t\t\t\n\t<span class=\"evc-ib-icon fas fa-link\" ><\/span>\n\t<h4 class=\"evc-ib-title\" >\n\t\tBeziehungen\t<\/h4>\n\t<p class=\"evc-ib-text\" >Wir sind stolz, dass heute einige unserer renommierten Gesch\u00e4ftspartner Giganten im Sektor Industrieautomatisierung sind (Vanderlande, TGW, Dematic usw.). Dasselbe kann man auch \u00fcber unsere Klienten, d.h. Unternehmen wie Amazon oder DHL, den weltgr\u00f6\u00dften Paketzusteller, sagen. Es ist auch wichtig zu erw\u00e4hnen, dass viele unserer Projekte Automobil-Giganten, wie z.B. BMW, Mercedes, umfassten.<\/p>\n\t\t\t<\/div>\n\t\t<\/div>\n\t<\/div>\n\t<\/div>\n[\/vc_column_inner][vc_column_inner width=&#8220;1\/3&#8243; css=&#8220;.vc_custom_1653374909422{margin-bottom: 20px !important;}&#8220;]<div class=\"evc-interactive-banner evc-shortcode connections evc-ib-classic evc-ib-custom-image-size\">\n\t<div class=\"evc-ib-image\">\n\t\t<img decoding=\"async\" src=\"https:\/\/elektro-kruno.hr\/wp-content\/uploads\/2022\/01\/linked_in-420x420.png\" alt=\"\" width=\"420\" height=\"420\" \/>\t<\/div>\n\t<div class=\"evc-ib-content-wrapper\" style=\"background-color: rgba(226,0,0,0.71)\">\n\t\t<div class=\"evc-ib-content-inner\">\n\t\t\t<div class=\"evc-ib-content\">\n\t\t\t\t\t\n\t<span class=\"evc-ib-icon fab fa-linkedin\" ><\/span>\n\t<h4 class=\"evc-ib-title\" >\n\t\tBesuchen Sie uns auf LinkedIn\t<\/h4>\n\t<p class=\"evc-ib-text\" >Wenn Sie in der Zukunft bei uns arbeiten und deswegen mit uns in Verbindung bleiben m\u00f6chten, oder wenn Sie sich nur \u00fcber die neuen Projekte, an denen wir arbeiten, informieren wollen, besuchen Sie uns auf LinkedIn. Wir sind auch in sozialen Netzwerken aktiv (zurzeit nur auf Facebook) und dort k\u00f6nnen Sie eben unser Profil besuchen.<\/p>\n\t\t\t<\/div>\n\t\t<\/div>\n\t<\/div>\n\t<\/div>\n[\/vc_column_inner][\/vc_row_inner][\/vc_column][\/vc_row][vc_row full_width=&#8220;stretch_row&#8220; kd_image_overlay_color=&#8220;rgba(4,9,30,0.7)&#8220; kd_image_overlay=&#8220;true&#8220; css=&#8220;.vc_custom_1668425772301{margin-top: 20px !important;padding-top: 80px !important;background: #f7f7f7 url(https:\/\/elektro-kruno.hr\/wp-content\/uploads\/2022\/11\/11112.png?id=7748) !important;background-position: center !important;background-repeat: no-repeat !important;background-size: cover !important;}&#8220;][vc_column parallax=&#8220;content-moving&#8220; css=&#8220;.vc_custom_1668425754256{margin-top: 40px !important;padding-top: 20px !important;padding-bottom: 60px !important;background-position: center !important;background-repeat: no-repeat !important;background-size: cover !important;}&#8220;][vc_custom_heading text=&#8220;M\u00f6chten Sie Teil unseres Teams werden?&#8220; font_container=&#8220;tag:h4|font_size:18pt|text_align:center|color:%23ffffff&#8220; use_theme_fonts=&#8220;yes&#8220;][vc_custom_heading text=&#8220;Aktuelle Stellenangebote.&#8220; font_container=&#8220;tag:h4|font_size:18pt|text_align:center|color:%23ffffff&#8220; use_theme_fonts=&#8220;yes&#8220;][vc_empty_space height=&#8220;15px&#8220;]<a  href=\"https:\/\/elektro-kruno.hr\/de\/begleiten-sie-uns\/\"  target=\"_self\"  title=\"Kontakt\" class=\"tt_button   hover_solid_primary button-center kd-animated zoomIn \" data-animation-delay=200><span class=\"prim_text\">- BEWERBEN SIE SICH HIER \u00dcBER DAS FORMULAR -<\/span><span class=\" iconita\"><\/span><\/a>[\/vc_column][\/vc_row]<\/p>\n","protected":false},"excerpt":{"rendered":"<p>[vc_row full_width=&#8220;stretch_row&#8220; full_height=&#8220;yes&#8220; content_placement=&#8220;middle&#8220; kd_image_overlay_color=&#8220;rgba(4,9,30,0.7)&#8220; kd_image_overlay=&#8220;true&#8220; css=&#8220;.vc_custom_1668425726834{padding-top: 100px !important;background-image: url(https:\/\/elektro-kruno.hr\/wp-content\/uploads\/2022\/11\/555.png?id=7755) !important;background-position: center !important;background-repeat: no-repeat !important;background-size: cover !important;}&#8220;][vc_column width=&#8220;1\/12&#8243; offset=&#8220;vc_col-lg-12 vc_col-md-12&#8243; css=&#8220;.vc_custom_1670832070332{margin-top: 60px !important;padding-top: 20px !important;padding-bottom: 20px !important;background-color: [&hellip;]<\/p>\n","protected":false},"author":2,"featured_media":0,"parent":0,"menu_order":0,"comment_status":"closed","ping_status":"closed","template":"","meta":{"om_disable_all_campaigns":false,"_monsterinsights_skip_tracking":false,"_monsterinsights_sitenote_active":false,"_monsterinsights_sitenote_note":"","_monsterinsights_sitenote_category":0,"footnotes":""},"aioseo_notices":[],"_links":{"self":[{"href":"https:\/\/elektro-kruno.hr\/de\/wp-json\/wp\/v2\/pages\/7641"}],"collection":[{"href":"https:\/\/elektro-kruno.hr\/de\/wp-json\/wp\/v2\/pages"}],"about":[{"href":"https:\/\/elektro-kruno.hr\/de\/wp-json\/wp\/v2\/types\/page"}],"author":[{"embeddable":true,"href":"https:\/\/elektro-kruno.hr\/de\/wp-json\/wp\/v2\/users\/2"}],"replies":[{"embeddable":true,"href":"https:\/\/elektro-kruno.hr\/de\/wp-json\/wp\/v2\/comments?post=7641"}],"version-history":[{"count":29,"href":"https:\/\/elektro-kruno.hr\/de\/wp-json\/wp\/v2\/pages\/7641\/revisions"}],"predecessor-version":[{"id":8306,"href":"https:\/\/elektro-kruno.hr\/de\/wp-json\/wp\/v2\/pages\/7641\/revisions\/8306"}],"wp:attachment":[{"href":"https:\/\/elektro-kruno.hr\/de\/wp-json\/wp\/v2\/media?parent=7641"}],"curies":[{"name":"wp","href":"https:\/\/api.w.org\/{rel}","templated":true}]}}