{"id":7637,"date":"2022-11-06T09:18:43","date_gmt":"2022-11-06T09:18:43","guid":{"rendered":"https:\/\/elektro-kruno.hr\/pocetna-2\/"},"modified":"2024-02-29T02:30:14","modified_gmt":"2024-02-29T02:30:14","slug":"pocetna","status":"publish","type":"page","link":"https:\/\/elektro-kruno.hr\/hr\/","title":{"rendered":"Po\u010detna"},"content":{"rendered":"<p>[vc_row full_width=&#8221;stretch_row&#8221; full_height=&#8221;yes&#8221; content_placement=&#8221;middle&#8221; kd_image_overlay_color=&#8221;rgba(4,9,30,0.7)&#8221; kd_image_overlay=&#8221;true&#8221; css=&#8221;.vc_custom_1668425560657{padding-top: 100px !important;background-image: url(https:\/\/elektro-kruno.hr\/wp-content\/uploads\/2022\/11\/555.png?id=7754) !important;background-position: center !important;background-repeat: no-repeat !important;background-size: cover !important;}&#8221;][vc_column width=&#8221;1\/12&#8243; offset=&#8221;vc_col-lg-12 vc_col-md-12&#8243; css=&#8221;.vc_custom_1670832044493{margin-top: 60px !important;padding-top: 20px !important;padding-bottom: 20px !important;background-color: rgba(255,255,255,0.15) !important;*background-color: rgb(255,255,255) !important;border-radius: 20px !important;}&#8221;][vc_custom_heading text=&#8221;Elektro Kruno d.o.o.&#8221; font_container=&#8221;tag:h2|font_size:36pt|text_align:center|color:%23ffffff&#8221; use_theme_fonts=&#8221;yes&#8221;][vc_empty_space height=&#8221;10px&#8221;][vc_custom_heading text=&#8221;Dobrodo\u0161li na slu\u017ebenu web stranicu tvrtke Elektro Kruno d.o.o.&#8221; font_container=&#8221;tag:h6|font_size:11pt|text_align:center|color:%23ffffff&#8221; use_theme_fonts=&#8221;yes&#8221;][vc_custom_heading text=&#8221;Ukoliko ste ovdje samo da nakratko vidite \u010dime se bavimo, pomaknite se na trenutnoj stranici prema dolje. Ukoliko \u017eelite saznati vi\u0161e o na\u0161im timovima ili projektima na kojima radimo, kliknite na poveznicu &#8220;Projekti&#8220; na glavnom izborniku stranice. Ukoliko \u017eelite osobno razgovarati s nama ili imate dodatnih pitanja, slobodno nas se obratite.&#8221; font_container=&#8221;tag:h6|font_size:11pt|text_align:center|color:%23ffffff&#8221; use_theme_fonts=&#8221;yes&#8221; css=&#8221;.vc_custom_1669705346334{padding-right: 75px !important;padding-left: 75px !important;}&#8221;][vc_custom_heading text=&#8221;Hvala na posjeti.<br \/>\nElektro Kruno d.o.o. CEO Tim.&#8221; font_container=&#8221;tag:h6|font_size:11pt|text_align:center|color:%23ffffff&#8221; use_theme_fonts=&#8221;yes&#8221; css=&#8221;.vc_custom_1669705387882{padding-right: 75px !important;padding-left: 75px !important;}&#8221;][vc_empty_space height=&#8221;25px&#8221;]<a  href=\"https:\/\/elektro-kruno.hr\/hr\/pridruzite-nam-se\/\"  target=\"_self\"  title=\"Kontakt\" class=\"tt_button    button-center kd-animated zoomIn \" data-animation-delay=200><span class=\"prim_text\">Razmi\u0161ljate da nam se pridru\u017eite? - Prijavite se ovdje!<\/span><span class=\" iconita\"><\/span><\/a>[\/vc_column][\/vc_row][vc_row full_width=&#8221;stretch_row&#8221;][vc_column css=&#8221;.vc_custom_1516008460883{padding-right: 0px !important;padding-left: 0px !important;}&#8221;]<header class=\"kd-section-title vc_col-lg-6 vc_col-sm-8 text-center  kd-animated fadeIn   vc_custom_1669622279945\" data-animation-delay=200><h2 class=\"separator_off\" >Tko smo mi?<\/h2><h6 class=\"subtitle \" >- EK in\u017eenjerski tim -<\/h6><\/header>[vc_row_inner css=&#8221;.vc_custom_1653374745132{padding-top: 20px !important;padding-bottom: 50px !important;}&#8221;][vc_column_inner width=&#8221;1\/3&#8243; css=&#8221;.vc_custom_1653374798241{margin-bottom: 20px !important;padding-right: 0px !important;padding-left: 0px !important;}&#8221;]<div class=\"key-icon-box icon-default  cont-center with-border box-bg-color kd-animated fadeInUp whoweare\" style=\"background-color: #fff3f3; border: 1px solid #fff3f3;\" data-animation-delay=200><div class=\"ib-wrapper\"><h4 class=\"service-heading\" >Tvrtka<\/h4><p ><\/p>\n<p style=\"text-align: center;\">Elektro Kruno d.o.o. privatna je tvrtka sa sjedi\u0161tem u Hrvatskoj. Od svog po\u010detka 2016. godine, neprestano radimo na zdravom i profesionalnom okru\u017eenju koje se mo\u017ee nositi sa svim zahtjevima projekata iz podru\u010dja elektrotehnike i strojarstva. Relativno kratko nakon po\u010detka, na\u0161a kompetentnost i stru\u010dnost (kao i odgovaraju\u0107e reference), lansirali su nas na europsko tr\u017ei\u0161te gdje danas radimo s najvi\u0161im pohvalama.<\/p>\n<p><\/p><\/div><\/div>[\/vc_column_inner][vc_column_inner width=&#8221;1\/3&#8243; css=&#8221;.vc_custom_1653374772303{margin-bottom: 20px !important;padding-right: 0px !important;padding-left: 0px !important;}&#8221;]<div class=\"key-icon-box icon-default  cont-center with-border box-bg-color kd-animated fadeInUp whoweare\" style=\"background-color: #fff3f3; border: 1px solid #fff3f3;\" data-animation-delay=200><div class=\"ib-wrapper\"><h4 class=\"service-heading\" >Ljudi<\/h4><p ><\/p>\n<p style=\"text-align: center;\">Sr\u017e na\u0161e tvrtke visoko su motivirani, obrazovani i kompetentni ljudi, koji se mogu nositi profesijalno sa svakim zadatkom i u zadanim rokovima. Kako se na\u0161e tr\u017ei\u0161te \u0161irilo, tako se pove\u0107avao i broj na\u0161ih zaposlenika. Trenutno zapo\u0161ljavamo vi\u0161e od 100 ljudi. Kako smo u stalnoj potrazi za svje\u017eim umovima, navedeni broj je u stalnom porastu. \u017delite se pridru\u017eiti na\u0161em timu? Prijavite se putem na\u0161eg kontakt obrasca.<\/p>\n<p><\/p><\/div><\/div>[\/vc_column_inner][vc_column_inner width=&#8221;1\/3&#8243; css=&#8221;.vc_custom_1516008505683{padding-right: 0px !important;padding-left: 0px !important;}&#8221;]<div class=\"key-icon-box icon-default  cont-center with-border box-bg-color kd-animated fadeInUp whoweare\" style=\"background-color: #fff3f3; border: 1px solid #fff3f3;\" data-animation-delay=200><div class=\"ib-wrapper\"><h4 class=\"service-heading\" >Iskustvo<\/h4><p ><\/p>\n<p style=\"text-align: center;\">Iako relativno novi na doma\u0107em i europskom terenu, broj uspje\u0161no savladanih projekata iz nas je (\u010dak i za europske standarde) iznimno velik. Uspjeh je gotovo u cijelosti vezan uz veliki broj obrazovanih i iskusnih ljudi koje zapo\u0161ljavamo, od kojih su neki prvostupnici, magistri pa \u010dak i doktori znanosti. Kako biste dobiti kratak uvid u na\u0161u djelatnost, kliknite na gumb &#8220;Projekti&#8221; gdje \u0107ete na\u0107i nekolicinu na\u0161ih projekata uspje\u0161no privedenih kraju.<\/p>\n<p><\/p><\/div><\/div>[\/vc_column_inner][\/vc_row_inner][\/vc_column][\/vc_row][vc_row full_width=&#8221;stretch_row&#8221; css=&#8221;.vc_custom_1519725825932{background-color: #f7f7f7 !important;}&#8221;][vc_column css=&#8221;.vc_custom_1515772123629{padding-right: 0px !important;padding-left: 0px !important;}&#8221;]<header class=\"kd-section-title vc_col-lg-6 vc_col-sm-8 text-center  kd-animated fadeIn   vc_custom_1645265700839\" data-animation-delay=200><h2 class=\"separator_off\" >Podru\u010dja djelovanja<\/h2><h6 class=\"subtitle \" >- Elektrotehnika i Strojarstvo -<\/h6><\/header>[vc_row_inner css=&#8221;.vc_custom_1515772037042{padding-bottom: 100px !important;}&#8221;][vc_column_inner]<div class=\"features-tabs kd-tabswrapper-6909069fdbf60b99b0 tabs-image-right what-we-cover\">\r\n\t\t\t\t<div id=\"kd-extab-3028769fdbf60ba1da\">\r\n\t\t\t\t<div class=\"tab-image-container\"><img decoding=\"async\" width=\"1535\" height=\"1774\" src=\"https:\/\/elektro-kruno.hr\/wp-content\/uploads\/2022\/08\/IMG_1267775-1.jpeg\" class=\"attachment-full\" alt=\"\" srcset=\"https:\/\/elektro-kruno.hr\/wp-content\/uploads\/2022\/08\/IMG_1267775-1.jpeg 1535w, https:\/\/elektro-kruno.hr\/wp-content\/uploads\/2022\/08\/IMG_1267775-1-260x300.jpeg 260w, https:\/\/elektro-kruno.hr\/wp-content\/uploads\/2022\/08\/IMG_1267775-1-886x1024.jpeg 886w, https:\/\/elektro-kruno.hr\/wp-content\/uploads\/2022\/08\/IMG_1267775-1-768x888.jpeg 768w, https:\/\/elektro-kruno.hr\/wp-content\/uploads\/2022\/08\/IMG_1267775-1-1329x1536.jpeg 1329w\" sizes=\"(max-width: 1535px) 100vw, 1535px\" \/><\/div>\r\n\t\t\t\t<li class=\"tab col-md-4\">\r\n\t\t\t\t\t<a href=\"#kd-extab-3028769fdbf60ba1da\">\r\n\t\t\t\t\t\t<h4>Sustavi za razvrstavanje i transport<\/h4><p>Montiranje pokretnih traka; Montiranje sustava sortiranja; Montiranje sustava paletiziranja; Montiranje transportnih sustava; Montiranje sustava baziranih na robotskim rukama; ...<\/p><\/a><\/li><\/div><div id=\"kd-extab-2114169fdbf60ba720\">\r\n\t\t\t\t<div class=\"tab-image-container\"><img decoding=\"async\" width=\"1325\" height=\"1130\" src=\"https:\/\/elektro-kruno.hr\/wp-content\/uploads\/2022\/08\/2022-08-29_14h40_05-e1661933474626.png\" class=\"attachment-full\" alt=\"\" \/><\/div>\r\n\t\t\t\t<li class=\"tab col-md-4\">\r\n\t\t\t\t\t<a href=\"#kd-extab-2114169fdbf60ba720\">\r\n\t\t\t\t\t\t<h4>Elektri\u010dne instalacije<\/h4><p>O\u017ei\u010davanje elektri\u010dnih ure\u0111aja i komponenti; O\u017ei\u010davanje kontrolnih ormara; O\u017ei\u010davanje sigurnosnih sustava; ...<\/p><\/a><\/li><\/div><div id=\"kd-extab-7343669fdbf60baaf4\">\r\n\t\t\t\t<div class=\"tab-image-container\"><img decoding=\"async\" width=\"1666\" height=\"1432\" src=\"https:\/\/elektro-kruno.hr\/wp-content\/uploads\/2022\/08\/2022-08-31_10h13_20.png\" class=\"attachment-full\" alt=\"\" srcset=\"https:\/\/elektro-kruno.hr\/wp-content\/uploads\/2022\/08\/2022-08-31_10h13_20.png 1666w, https:\/\/elektro-kruno.hr\/wp-content\/uploads\/2022\/08\/2022-08-31_10h13_20-300x258.png 300w, https:\/\/elektro-kruno.hr\/wp-content\/uploads\/2022\/08\/2022-08-31_10h13_20-1024x880.png 1024w, https:\/\/elektro-kruno.hr\/wp-content\/uploads\/2022\/08\/2022-08-31_10h13_20-768x660.png 768w, https:\/\/elektro-kruno.hr\/wp-content\/uploads\/2022\/08\/2022-08-31_10h13_20-1536x1320.png 1536w\" sizes=\"(max-width: 1666px) 100vw, 1666px\" \/><\/div>\r\n\t\t\t\t<li class=\"tab col-md-4\">\r\n\t\t\t\t\t<a href=\"#kd-extab-7343669fdbf60baaf4\">\r\n\t\t\t\t\t\t<h4>Industrijska automatizacija<\/h4><p>Hardverska konfiguracija i dizajn postrojenja; PLC programiranje; HMI su\u010delja; SCADA sustavi; Kontrolni ormari; ...<\/p><\/a><\/li><\/div>\r\n    \t\t\t<ul class=\"tabs\"><\/ul>\r\n\t\t\t<\/div>[\/vc_column_inner][\/vc_row_inner][\/vc_column][\/vc_row][vc_row full_width=&#8221;stretch_row&#8221; css=&#8221;.vc_custom_1653375604518{padding-bottom: 100px !important;}&#8221;][vc_column]<header class=\"kd-section-title vc_col-lg-6 vc_col-sm-8 text-center  kd-animated fadeIn   vc_custom_1669623180816\" data-animation-delay=200><h2 class=\"separator_off\" >Na\u0161e suradnje<\/h2><h6 class=\"subtitle \" >- Unutar i izvan Hrvatske -<\/h6><\/header>[vc_row_inner content_placement=&#8221;middle&#8221; css=&#8221;.vc_custom_1653375245980{padding-top: 60px !important;}&#8221;][vc_column_inner width=&#8221;1\/3&#8243; css=&#8221;.vc_custom_1653374890994{margin-bottom: 20px !important;}&#8221;]<div class=\"evc-interactive-banner evc-shortcode connections evc-ib-classic evc-ib-custom-image-size\">\n\t<div class=\"evc-ib-image\">\n\t\t<img decoding=\"async\" src=\"https:\/\/elektro-kruno.hr\/wp-content\/uploads\/2022\/01\/europe_map-420x420.jpg\" alt=\"\" width=\"420\" height=\"420\" \/>\t<\/div>\n\t<div class=\"evc-ib-content-wrapper\" style=\"background-color: rgba(226,0,0,0.71)\">\n\t\t<div class=\"evc-ib-content-inner\">\n\t\t\t<div class=\"evc-ib-content\">\n\t\t\t\t\t\n\t<span class=\"evc-ib-icon fas fa-globe\" ><\/span>\n\t<h4 class=\"evc-ib-title\" >\n\t\tOsvajanje Europskog tr\u017ei\u0161ta\t<\/h4>\n\t<p class=\"evc-ib-text\" >Uzimaju\u0107i u obzir pro\u0161le i trenutne projekte, do sada smo uspjeli zadovoljiti zahtjeve na\u0161ih kupaca u 15 europskih zemalja (npr. Njema\u010dka, Italija, Francuska, Belgija, Nizozemska, Poljska, \u0160panjolska, \u010ce\u0161ka, Danska, Ujedinjeno Kraljevstvo - i dalje). Veliki dio na\u0161eg posla jo\u0161 uvijek obavljamo i u mati\u010dnoj zemlji.<\/p>\n\t\t\t<\/div>\n\t\t<\/div>\n\t<\/div>\n\t<\/div>\n[\/vc_column_inner][vc_column_inner width=&#8221;1\/3&#8243; css=&#8221;.vc_custom_1653374899725{margin-bottom: 20px !important;}&#8221;]<div class=\"evc-interactive-banner evc-shortcode connections evc-ib-classic evc-ib-custom-image-size\">\n\t<div class=\"evc-ib-image\">\n\t\t<img decoding=\"async\" src=\"https:\/\/elektro-kruno.hr\/wp-content\/uploads\/2022\/05\/partners-boost-420x420.png\" alt=\"\" width=\"420\" height=\"420\" \/>\t<\/div>\n\t<div class=\"evc-ib-content-wrapper\" style=\"background-color: rgba(226,0,0,0.71)\">\n\t\t<div class=\"evc-ib-content-inner\">\n\t\t\t<div class=\"evc-ib-content\">\n\t\t\t\t\t\n\t<span class=\"evc-ib-icon fas fa-link\" ><\/span>\n\t<h4 class=\"evc-ib-title\" >\n\t\tPartnerski odnosi\t<\/h4>\n\t<p class=\"evc-ib-text\" >S ponosom mo\u017eemo re\u0107i da se neki od na\u0161ih cijenjenih partnera danas smatraju divovima industrijske automatizacije (Siemens, Vanderlande, TGW, EBZ, Dematic, itd.). Sli\u010dno se mo\u017ee re\u0107i i za na\u0161e klijente, odnosno tvrtke kao \u0161to su Amazon, DHL, UPS - najve\u0107i svjetski servisi dostave paketa. Vrijedi spomenuti i projekte za automobilske divove kao \u0161to su BMW, Mercedes i Porsche.<\/p>\n\t\t\t<\/div>\n\t\t<\/div>\n\t<\/div>\n\t<\/div>\n[\/vc_column_inner][vc_column_inner width=&#8221;1\/3&#8243; css=&#8221;.vc_custom_1653374909422{margin-bottom: 20px !important;}&#8221;]<div class=\"evc-interactive-banner evc-shortcode connections evc-ib-classic evc-ib-custom-image-size\">\n\t<div class=\"evc-ib-image\">\n\t\t<img decoding=\"async\" src=\"https:\/\/elektro-kruno.hr\/wp-content\/uploads\/2022\/01\/linked_in-420x420.png\" alt=\"\" width=\"420\" height=\"420\" \/>\t<\/div>\n\t<div class=\"evc-ib-content-wrapper\" style=\"background-color: rgba(226,0,0,0.71)\">\n\t\t<div class=\"evc-ib-content-inner\">\n\t\t\t<div class=\"evc-ib-content\">\n\t\t\t\t\t\n\t<span class=\"evc-ib-icon fab fa-linkedin\" ><\/span>\n\t<h4 class=\"evc-ib-title\" >\n\t\tProvjerite nas na LinkedInu\t<\/h4>\n\t<p class=\"evc-ib-text\" >Ukoliko \u017eelite ostati povezani s nama za mogu\u0107e budu\u0107e zaposlenje, ili samo \u017eelite biti obavije\u0161teni o novim stvarima na kojima radimo, posjetite na\u0161u LinkedIn stranicu. Aktivni smo i na dru\u0161tvenim mre\u017eama (trenutno samo na Facebooku), pa nas posjetite i tamo.<\/p>\n\t\t\t<\/div>\n\t\t<\/div>\n\t<\/div>\n\t<\/div>\n[\/vc_column_inner][\/vc_row_inner][\/vc_column][\/vc_row][vc_row full_width=&#8221;stretch_row&#8221; kd_image_overlay_color=&#8221;rgba(4,9,30,0.7)&#8221; kd_image_overlay=&#8221;true&#8221; css=&#8221;.vc_custom_1668425603774{margin-top: 20px !important;padding-top: 80px !important;background: #f7f7f7 url(https:\/\/elektro-kruno.hr\/wp-content\/uploads\/2022\/11\/11112.png?id=7747) !important;background-position: center !important;background-repeat: no-repeat !important;background-size: cover !important;}&#8221;][vc_column parallax=&#8221;content-moving&#8221; css=&#8221;.vc_custom_1668425586561{margin-top: 40px !important;padding-top: 20px !important;padding-bottom: 60px !important;background-position: center !important;background-repeat: no-repeat !important;background-size: cover !important;}&#8221;][vc_custom_heading text=&#8221;Razmi\u0161ljate o tome da postanete dio na\u0161eg tima?&#8221; font_container=&#8221;tag:h4|font_size:18pt|text_align:center|color:%23ffffff&#8221; use_theme_fonts=&#8221;yes&#8221;][vc_custom_heading text=&#8221;Provjerite trenutno otvorene pozicije&#8221; font_container=&#8221;tag:h4|font_size:18pt|text_align:center|color:%23ffffff&#8221; use_theme_fonts=&#8221;yes&#8221;][vc_empty_space height=&#8221;15px&#8221;]<a  href=\"https:\/\/elektro-kruno.hr\/hr\/pridruzite-nam-se\/\"  target=\"_self\"  title=\"Kontakt\" class=\"tt_button   hover_solid_primary button-center kd-animated zoomIn \" data-animation-delay=200><span class=\"prim_text\">- Obrazac za prijavu -<\/span><span class=\" iconita\"><\/span><\/a>[\/vc_column][\/vc_row]<\/p>\n","protected":false},"excerpt":{"rendered":"<p>[vc_row full_width=&#8221;stretch_row&#8221; full_height=&#8221;yes&#8221; content_placement=&#8221;middle&#8221; kd_image_overlay_color=&#8221;rgba(4,9,30,0.7)&#8221; kd_image_overlay=&#8221;true&#8221; css=&#8221;.vc_custom_1668425560657{padding-top: 100px !important;background-image: url(https:\/\/elektro-kruno.hr\/wp-content\/uploads\/2022\/11\/555.png?id=7754) !important;background-position: center !important;background-repeat: no-repeat !important;background-size: cover !important;}&#8221;][vc_column width=&#8221;1\/12&#8243; offset=&#8221;vc_col-lg-12 vc_col-md-12&#8243; css=&#8221;.vc_custom_1670832044493{margin-top: 60px !important;padding-top: 20px !important;padding-bottom: 20px !important;background-color: [&hellip;]<\/p>\n","protected":false},"author":2,"featured_media":0,"parent":0,"menu_order":0,"comment_status":"closed","ping_status":"closed","template":"","meta":{"om_disable_all_campaigns":false,"_monsterinsights_skip_tracking":false,"_monsterinsights_sitenote_active":false,"_monsterinsights_sitenote_note":"","_monsterinsights_sitenote_category":0,"footnotes":""},"aioseo_notices":[],"_links":{"self":[{"href":"https:\/\/elektro-kruno.hr\/hr\/wp-json\/wp\/v2\/pages\/7637"}],"collection":[{"href":"https:\/\/elektro-kruno.hr\/hr\/wp-json\/wp\/v2\/pages"}],"about":[{"href":"https:\/\/elektro-kruno.hr\/hr\/wp-json\/wp\/v2\/types\/page"}],"author":[{"embeddable":true,"href":"https:\/\/elektro-kruno.hr\/hr\/wp-json\/wp\/v2\/users\/2"}],"replies":[{"embeddable":true,"href":"https:\/\/elektro-kruno.hr\/hr\/wp-json\/wp\/v2\/comments?post=7637"}],"version-history":[{"count":49,"href":"https:\/\/elektro-kruno.hr\/hr\/wp-json\/wp\/v2\/pages\/7637\/revisions"}],"predecessor-version":[{"id":8307,"href":"https:\/\/elektro-kruno.hr\/hr\/wp-json\/wp\/v2\/pages\/7637\/revisions\/8307"}],"wp:attachment":[{"href":"https:\/\/elektro-kruno.hr\/hr\/wp-json\/wp\/v2\/media?parent=7637"}],"curies":[{"name":"wp","href":"https:\/\/api.w.org\/{rel}","templated":true}]}}